{"id":18,"date":"2020-01-03T15:59:33","date_gmt":"2020-01-03T14:59:33","guid":{"rendered":"http:\/\/fermedechamorin.fr\/?page_id=18"},"modified":"2025-04-15T22:45:23","modified_gmt":"2025-04-15T20:45:23","slug":"notre-ferme","status":"publish","type":"page","link":"https:\/\/fermedechamorin.fr\/index.php\/notre-ferme\/","title":{"rendered":"Notre ferme"},"content":{"rendered":"\n<p class=\"has-drop-cap\">Ferme familiale depuis plusieurs g\u00e9n\u00e9rations. Notre ferme est situ\u00e9e en pleine nature en surplomb du village. Bien que retrait\u00e9s, nous gardons une petite activit\u00e9:  basse cour avec poules et canards, lapins, beau jardin potager, arbres fruitiers (tilleuls, cerisiers, pruniers, noyers). En saison, vous pouvez vous r\u00e9galer avec les cerises, prunes, noix, tilleul, fruits et l\u00e9gumes du jardin, \u0153ufs de nos poules.<\/p>\n\n\n\n<figure class=\"wp-block-gallery aligncenter has-nested-images columns-default is-cropped wp-block-gallery-2 is-layout-flex wp-block-gallery-is-layout-flex\">\n<figure class=\"wp-block-image size-large\"><img loading=\"lazy\" decoding=\"async\" width=\"900\" height=\"675\" data-id=\"436\" src=\"https:\/\/fermedechamorin.fr\/wp-content\/uploads\/2020\/01\/20180527_P5270062_ferme_SC.jpg\" alt=\"\" class=\"wp-image-436\" srcset=\"https:\/\/fermedechamorin.fr\/wp-content\/uploads\/2020\/01\/20180527_P5270062_ferme_SC.jpg 900w, https:\/\/fermedechamorin.fr\/wp-content\/uploads\/2020\/01\/20180527_P5270062_ferme_SC-300x225.jpg 300w, https:\/\/fermedechamorin.fr\/wp-content\/uploads\/2020\/01\/20180527_P5270062_ferme_SC-768x576.jpg 768w\" sizes=\"auto, (max-width: 767px) 89vw, (max-width: 1000px) 54vw, (max-width: 1071px) 543px, 580px\" \/><\/figure>\n<\/figure>\n\n\n\n<figure class=\"wp-block-gallery has-nested-images columns-default is-cropped wp-block-gallery-3 is-layout-flex wp-block-gallery-is-layout-flex\">\n<figure class=\"wp-block-image\"><img loading=\"lazy\" decoding=\"async\" width=\"768\" height=\"1024\" data-id=\"448\" src=\"https:\/\/fermedechamorin.fr\/wp-content\/uploads\/2020\/01\/WhatsApp-Image-2020-01-06-at-16.53.21-768x1024.jpeg\" alt=\"\" class=\"wp-image-448\" srcset=\"https:\/\/fermedechamorin.fr\/wp-content\/uploads\/2020\/01\/WhatsApp-Image-2020-01-06-at-16.53.21-768x1024.jpeg 768w, https:\/\/fermedechamorin.fr\/wp-content\/uploads\/2020\/01\/WhatsApp-Image-2020-01-06-at-16.53.21-225x300.jpeg 225w, https:\/\/fermedechamorin.fr\/wp-content\/uploads\/2020\/01\/WhatsApp-Image-2020-01-06-at-16.53.21-1152x1536.jpeg 1152w, https:\/\/fermedechamorin.fr\/wp-content\/uploads\/2020\/01\/WhatsApp-Image-2020-01-06-at-16.53.21.jpeg 1200w\" sizes=\"auto, (max-width: 767px) 89vw, (max-width: 1000px) 54vw, (max-width: 1071px) 543px, 580px\" \/><figcaption class=\"wp-element-caption\">Notre potager<\/figcaption><\/figure>\n\n\n\n<figure class=\"wp-block-image\"><img loading=\"lazy\" decoding=\"async\" width=\"1024\" height=\"768\" data-id=\"216\" src=\"https:\/\/fermedechamorin.fr\/wp-content\/uploads\/2020\/01\/IMG_2040-1024x768.jpg\" alt=\"\" class=\"wp-image-216\" srcset=\"https:\/\/fermedechamorin.fr\/wp-content\/uploads\/2020\/01\/IMG_2040-1024x768.jpg 1024w, https:\/\/fermedechamorin.fr\/wp-content\/uploads\/2020\/01\/IMG_2040-300x225.jpg 300w, https:\/\/fermedechamorin.fr\/wp-content\/uploads\/2020\/01\/IMG_2040-768x576.jpg 768w, https:\/\/fermedechamorin.fr\/wp-content\/uploads\/2020\/01\/IMG_2040-1536x1152.jpg 1536w, https:\/\/fermedechamorin.fr\/wp-content\/uploads\/2020\/01\/IMG_2040-2048x1536.jpg 2048w\" sizes=\"auto, (max-width: 767px) 89vw, (max-width: 1000px) 54vw, (max-width: 1071px) 543px, 580px\" \/><figcaption class=\"wp-element-caption\">Les cerisiers<\/figcaption><\/figure>\n<\/figure>\n\n\n\n<figure class=\"wp-block-gallery has-nested-images columns-2 is-cropped wp-block-gallery-4 is-layout-flex wp-block-gallery-is-layout-flex\">\n<figure class=\"wp-block-image size-large\"><img loading=\"lazy\" decoding=\"async\" width=\"600\" height=\"400\" data-id=\"8\" src=\"https:\/\/fermedechamorin.fr\/wp-content\/uploads\/2020\/01\/FB_IMG_1496999045285.jpg\" alt=\"\" class=\"wp-image-8\" srcset=\"https:\/\/fermedechamorin.fr\/wp-content\/uploads\/2020\/01\/FB_IMG_1496999045285.jpg 600w, https:\/\/fermedechamorin.fr\/wp-content\/uploads\/2020\/01\/FB_IMG_1496999045285-300x200.jpg 300w\" sizes=\"auto, (max-width: 600px) 100vw, 600px\" \/><figcaption class=\"wp-element-caption\">Sous le tilleul<\/figcaption><\/figure>\n\n\n\n<figure class=\"wp-block-image size-large\"><img loading=\"lazy\" decoding=\"async\" width=\"1000\" height=\"750\" data-id=\"210\" src=\"https:\/\/fermedechamorin.fr\/wp-content\/uploads\/2020\/01\/ME_SC_6040064_Coq_et_Poule.jpg\" alt=\"\" class=\"wp-image-210\" srcset=\"https:\/\/fermedechamorin.fr\/wp-content\/uploads\/2020\/01\/ME_SC_6040064_Coq_et_Poule.jpg 1000w, https:\/\/fermedechamorin.fr\/wp-content\/uploads\/2020\/01\/ME_SC_6040064_Coq_et_Poule-300x225.jpg 300w, https:\/\/fermedechamorin.fr\/wp-content\/uploads\/2020\/01\/ME_SC_6040064_Coq_et_Poule-768x576.jpg 768w\" sizes=\"auto, (max-width: 767px) 89vw, (max-width: 1000px) 54vw, (max-width: 1071px) 543px, 580px\" \/><figcaption class=\"wp-element-caption\">Poule et coq<\/figcaption><\/figure>\n\n\n\n<figure class=\"wp-block-image size-large\"><img loading=\"lazy\" decoding=\"async\" width=\"768\" height=\"1024\" data-id=\"215\" src=\"https:\/\/fermedechamorin.fr\/wp-content\/uploads\/2020\/01\/IMG_2035-768x1024.jpg\" alt=\"\" class=\"wp-image-215\" srcset=\"https:\/\/fermedechamorin.fr\/wp-content\/uploads\/2020\/01\/IMG_2035-768x1024.jpg 768w, https:\/\/fermedechamorin.fr\/wp-content\/uploads\/2020\/01\/IMG_2035-225x300.jpg 225w, https:\/\/fermedechamorin.fr\/wp-content\/uploads\/2020\/01\/IMG_2035-1152x1536.jpg 1152w, https:\/\/fermedechamorin.fr\/wp-content\/uploads\/2020\/01\/IMG_2035-1536x2048.jpg 1536w, https:\/\/fermedechamorin.fr\/wp-content\/uploads\/2020\/01\/IMG_2035-scaled.jpg 1920w\" sizes=\"auto, (max-width: 767px) 89vw, (max-width: 1000px) 54vw, (max-width: 1071px) 543px, 580px\" \/><\/figure>\n\n\n\n<figure class=\"wp-block-image size-large\"><img loading=\"lazy\" decoding=\"async\" width=\"768\" height=\"1024\" data-id=\"94\" src=\"https:\/\/fermedechamorin.fr\/wp-content\/uploads\/2020\/01\/IMG_20160722_083752-768x1024.jpg\" alt=\"\" class=\"wp-image-94\" srcset=\"https:\/\/fermedechamorin.fr\/wp-content\/uploads\/2020\/01\/IMG_20160722_083752-768x1024.jpg 768w, https:\/\/fermedechamorin.fr\/wp-content\/uploads\/2020\/01\/IMG_20160722_083752-225x300.jpg 225w, https:\/\/fermedechamorin.fr\/wp-content\/uploads\/2020\/01\/IMG_20160722_083752-1152x1536.jpg 1152w, https:\/\/fermedechamorin.fr\/wp-content\/uploads\/2020\/01\/IMG_20160722_083752-1536x2048.jpg 1536w, https:\/\/fermedechamorin.fr\/wp-content\/uploads\/2020\/01\/IMG_20160722_083752-scaled.jpg 1920w\" sizes=\"auto, (max-width: 767px) 89vw, (max-width: 1000px) 54vw, (max-width: 1071px) 543px, 580px\" \/><figcaption class=\"wp-element-caption\">Poules<\/figcaption><\/figure>\n\n\n\n<figure class=\"wp-block-image size-large\"><img loading=\"lazy\" decoding=\"async\" width=\"576\" height=\"1024\" data-id=\"93\" src=\"https:\/\/fermedechamorin.fr\/wp-content\/uploads\/2020\/01\/IMG-20170606-WA0002-576x1024.jpg\" alt=\"\" class=\"wp-image-93\" srcset=\"https:\/\/fermedechamorin.fr\/wp-content\/uploads\/2020\/01\/IMG-20170606-WA0002-576x1024.jpg 576w, https:\/\/fermedechamorin.fr\/wp-content\/uploads\/2020\/01\/IMG-20170606-WA0002-169x300.jpg 169w, https:\/\/fermedechamorin.fr\/wp-content\/uploads\/2020\/01\/IMG-20170606-WA0002-768x1365.jpg 768w, https:\/\/fermedechamorin.fr\/wp-content\/uploads\/2020\/01\/IMG-20170606-WA0002-864x1536.jpg 864w, https:\/\/fermedechamorin.fr\/wp-content\/uploads\/2020\/01\/IMG-20170606-WA0002.jpg 900w\" sizes=\"auto, (max-width: 576px) 100vw, 576px\" \/><figcaption class=\"wp-element-caption\">Canards<\/figcaption><\/figure>\n\n\n\n<figure class=\"wp-block-image size-large\"><img loading=\"lazy\" decoding=\"async\" width=\"1024\" height=\"905\" data-id=\"290\" src=\"https:\/\/fermedechamorin.fr\/wp-content\/uploads\/2020\/01\/20170531_145342-1024x905.jpg\" alt=\"\" class=\"wp-image-290\" srcset=\"https:\/\/fermedechamorin.fr\/wp-content\/uploads\/2020\/01\/20170531_145342-1024x905.jpg 1024w, https:\/\/fermedechamorin.fr\/wp-content\/uploads\/2020\/01\/20170531_145342-300x265.jpg 300w, https:\/\/fermedechamorin.fr\/wp-content\/uploads\/2020\/01\/20170531_145342-768x679.jpg 768w, https:\/\/fermedechamorin.fr\/wp-content\/uploads\/2020\/01\/20170531_145342-1536x1358.jpg 1536w, https:\/\/fermedechamorin.fr\/wp-content\/uploads\/2020\/01\/20170531_145342.jpg 1946w\" sizes=\"auto, (max-width: 767px) 89vw, (max-width: 1000px) 54vw, (max-width: 1071px) 543px, 580px\" \/><\/figure>\n\n\n\n<figure class=\"wp-block-image size-large\"><img loading=\"lazy\" decoding=\"async\" width=\"1024\" height=\"768\" data-id=\"282\" src=\"https:\/\/fermedechamorin.fr\/wp-content\/uploads\/2020\/01\/20170811_104247-1024x768.jpg\" alt=\"\" class=\"wp-image-282\" srcset=\"https:\/\/fermedechamorin.fr\/wp-content\/uploads\/2020\/01\/20170811_104247-1024x768.jpg 1024w, https:\/\/fermedechamorin.fr\/wp-content\/uploads\/2020\/01\/20170811_104247-300x225.jpg 300w, https:\/\/fermedechamorin.fr\/wp-content\/uploads\/2020\/01\/20170811_104247-768x576.jpg 768w, https:\/\/fermedechamorin.fr\/wp-content\/uploads\/2020\/01\/20170811_104247-1536x1152.jpg 1536w, https:\/\/fermedechamorin.fr\/wp-content\/uploads\/2020\/01\/20170811_104247-2048x1536.jpg 2048w\" sizes=\"auto, (max-width: 767px) 89vw, (max-width: 1000px) 54vw, (max-width: 1071px) 543px, 580px\" \/><\/figure>\n\n\n\n<figure class=\"wp-block-image size-large\"><img loading=\"lazy\" decoding=\"async\" width=\"576\" height=\"1024\" data-id=\"292\" src=\"https:\/\/fermedechamorin.fr\/wp-content\/uploads\/2020\/01\/20170507_140948-576x1024.jpg\" alt=\"\" class=\"wp-image-292\" srcset=\"https:\/\/fermedechamorin.fr\/wp-content\/uploads\/2020\/01\/20170507_140948-576x1024.jpg 576w, https:\/\/fermedechamorin.fr\/wp-content\/uploads\/2020\/01\/20170507_140948-169x300.jpg 169w, https:\/\/fermedechamorin.fr\/wp-content\/uploads\/2020\/01\/20170507_140948-768x1365.jpg 768w, https:\/\/fermedechamorin.fr\/wp-content\/uploads\/2020\/01\/20170507_140948-864x1536.jpg 864w, https:\/\/fermedechamorin.fr\/wp-content\/uploads\/2020\/01\/20170507_140948-1152x2048.jpg 1152w, https:\/\/fermedechamorin.fr\/wp-content\/uploads\/2020\/01\/20170507_140948-scaled.jpg 1440w\" sizes=\"auto, (max-width: 576px) 100vw, 576px\" \/><\/figure>\n\n\n\n<figure class=\"wp-block-image size-large\"><img loading=\"lazy\" decoding=\"async\" width=\"768\" height=\"1024\" data-id=\"243\" src=\"https:\/\/fermedechamorin.fr\/wp-content\/uploads\/2020\/01\/IMG_5978-768x1024.jpg\" alt=\"\" class=\"wp-image-243\" srcset=\"https:\/\/fermedechamorin.fr\/wp-content\/uploads\/2020\/01\/IMG_5978-768x1024.jpg 768w, https:\/\/fermedechamorin.fr\/wp-content\/uploads\/2020\/01\/IMG_5978-225x300.jpg 225w, https:\/\/fermedechamorin.fr\/wp-content\/uploads\/2020\/01\/IMG_5978-1152x1536.jpg 1152w, https:\/\/fermedechamorin.fr\/wp-content\/uploads\/2020\/01\/IMG_5978-1536x2048.jpg 1536w, https:\/\/fermedechamorin.fr\/wp-content\/uploads\/2020\/01\/IMG_5978-scaled.jpg 1920w\" sizes=\"auto, (max-width: 767px) 89vw, (max-width: 1000px) 54vw, (max-width: 1071px) 543px, 580px\" \/><\/figure>\n\n\n\n<figure class=\"wp-block-image size-large\"><img loading=\"lazy\" decoding=\"async\" width=\"768\" height=\"1024\" data-id=\"254\" src=\"https:\/\/fermedechamorin.fr\/wp-content\/uploads\/2020\/01\/20190619_104351-768x1024.jpg\" alt=\"\" class=\"wp-image-254\" srcset=\"https:\/\/fermedechamorin.fr\/wp-content\/uploads\/2020\/01\/20190619_104351-768x1024.jpg 768w, https:\/\/fermedechamorin.fr\/wp-content\/uploads\/2020\/01\/20190619_104351-225x300.jpg 225w, https:\/\/fermedechamorin.fr\/wp-content\/uploads\/2020\/01\/20190619_104351-1152x1536.jpg 1152w, https:\/\/fermedechamorin.fr\/wp-content\/uploads\/2020\/01\/20190619_104351-1536x2048.jpg 1536w, https:\/\/fermedechamorin.fr\/wp-content\/uploads\/2020\/01\/20190619_104351-scaled.jpg 1920w\" sizes=\"auto, (max-width: 767px) 89vw, (max-width: 1000px) 54vw, (max-width: 1071px) 543px, 580px\" \/><\/figure>\n\n\n\n<figure class=\"wp-block-image size-large\"><img loading=\"lazy\" decoding=\"async\" width=\"576\" height=\"1024\" data-id=\"237\" src=\"https:\/\/fermedechamorin.fr\/wp-content\/uploads\/2020\/01\/DSC_0881-576x1024.jpg\" alt=\"\" class=\"wp-image-237\" srcset=\"https:\/\/fermedechamorin.fr\/wp-content\/uploads\/2020\/01\/DSC_0881-576x1024.jpg 576w, https:\/\/fermedechamorin.fr\/wp-content\/uploads\/2020\/01\/DSC_0881-169x300.jpg 169w, https:\/\/fermedechamorin.fr\/wp-content\/uploads\/2020\/01\/DSC_0881-768x1365.jpg 768w, https:\/\/fermedechamorin.fr\/wp-content\/uploads\/2020\/01\/DSC_0881-864x1536.jpg 864w, https:\/\/fermedechamorin.fr\/wp-content\/uploads\/2020\/01\/DSC_0881-1152x2048.jpg 1152w, https:\/\/fermedechamorin.fr\/wp-content\/uploads\/2020\/01\/DSC_0881-scaled.jpg 1440w\" sizes=\"auto, (max-width: 576px) 100vw, 576px\" \/><\/figure>\n\n\n\n<figure class=\"wp-block-image size-large\"><img loading=\"lazy\" decoding=\"async\" width=\"1024\" height=\"768\" data-id=\"214\" src=\"https:\/\/fermedechamorin.fr\/wp-content\/uploads\/2020\/01\/IMG_0903-1024x768.jpg\" alt=\"\" class=\"wp-image-214\" srcset=\"https:\/\/fermedechamorin.fr\/wp-content\/uploads\/2020\/01\/IMG_0903-1024x768.jpg 1024w, https:\/\/fermedechamorin.fr\/wp-content\/uploads\/2020\/01\/IMG_0903-300x225.jpg 300w, https:\/\/fermedechamorin.fr\/wp-content\/uploads\/2020\/01\/IMG_0903-768x576.jpg 768w, https:\/\/fermedechamorin.fr\/wp-content\/uploads\/2020\/01\/IMG_0903-1536x1152.jpg 1536w, https:\/\/fermedechamorin.fr\/wp-content\/uploads\/2020\/01\/IMG_0903.jpg 1600w\" sizes=\"auto, (max-width: 767px) 89vw, (max-width: 1000px) 54vw, (max-width: 1071px) 543px, 580px\" \/><\/figure>\n\n\n\n<figure class=\"wp-block-image size-large\"><img loading=\"lazy\" decoding=\"async\" width=\"1000\" height=\"750\" data-id=\"226\" src=\"https:\/\/fermedechamorin.fr\/wp-content\/uploads\/2020\/01\/ME_SC_6030016_canard.jpg\" alt=\"\" class=\"wp-image-226\" srcset=\"https:\/\/fermedechamorin.fr\/wp-content\/uploads\/2020\/01\/ME_SC_6030016_canard.jpg 1000w, https:\/\/fermedechamorin.fr\/wp-content\/uploads\/2020\/01\/ME_SC_6030016_canard-300x225.jpg 300w, https:\/\/fermedechamorin.fr\/wp-content\/uploads\/2020\/01\/ME_SC_6030016_canard-768x576.jpg 768w\" sizes=\"auto, (max-width: 767px) 89vw, (max-width: 1000px) 54vw, (max-width: 1071px) 543px, 580px\" \/><figcaption class=\"wp-element-caption\">Canards<\/figcaption><\/figure>\n<\/figure>\n\n\n\n<figure class=\"wp-block-gallery has-nested-images columns-2 is-cropped wp-block-gallery-5 is-layout-flex wp-block-gallery-is-layout-flex\">\n<figure class=\"wp-block-image size-large\"><img loading=\"lazy\" decoding=\"async\" width=\"768\" height=\"1024\" data-id=\"244\" src=\"https:\/\/fermedechamorin.fr\/wp-content\/uploads\/2020\/01\/b1dc0cfc-2cf7-4cee-a553-63cd4a4527e6-768x1024.jpg\" alt=\"\" class=\"wp-image-244\" srcset=\"https:\/\/fermedechamorin.fr\/wp-content\/uploads\/2020\/01\/b1dc0cfc-2cf7-4cee-a553-63cd4a4527e6-768x1024.jpg 768w, https:\/\/fermedechamorin.fr\/wp-content\/uploads\/2020\/01\/b1dc0cfc-2cf7-4cee-a553-63cd4a4527e6-225x300.jpg 225w, https:\/\/fermedechamorin.fr\/wp-content\/uploads\/2020\/01\/b1dc0cfc-2cf7-4cee-a553-63cd4a4527e6-1152x1536.jpg 1152w, https:\/\/fermedechamorin.fr\/wp-content\/uploads\/2020\/01\/b1dc0cfc-2cf7-4cee-a553-63cd4a4527e6.jpg 1200w\" sizes=\"auto, (max-width: 767px) 89vw, (max-width: 1000px) 54vw, (max-width: 1071px) 543px, 580px\" \/><figcaption class=\"wp-element-caption\">Potager au printemps<\/figcaption><\/figure>\n\n\n\n<figure class=\"wp-block-image size-large\"><img loading=\"lazy\" decoding=\"async\" width=\"1024\" height=\"768\" data-id=\"447\" src=\"https:\/\/fermedechamorin.fr\/wp-content\/uploads\/2020\/01\/WhatsApp-Image-2020-01-06-at-16.54.12-1024x768.jpeg\" alt=\"\" class=\"wp-image-447\" srcset=\"https:\/\/fermedechamorin.fr\/wp-content\/uploads\/2020\/01\/WhatsApp-Image-2020-01-06-at-16.54.12-1024x768.jpeg 1024w, https:\/\/fermedechamorin.fr\/wp-content\/uploads\/2020\/01\/WhatsApp-Image-2020-01-06-at-16.54.12-300x225.jpeg 300w, https:\/\/fermedechamorin.fr\/wp-content\/uploads\/2020\/01\/WhatsApp-Image-2020-01-06-at-16.54.12-768x576.jpeg 768w, https:\/\/fermedechamorin.fr\/wp-content\/uploads\/2020\/01\/WhatsApp-Image-2020-01-06-at-16.54.12-1536x1152.jpeg 1536w, https:\/\/fermedechamorin.fr\/wp-content\/uploads\/2020\/01\/WhatsApp-Image-2020-01-06-at-16.54.12.jpeg 1600w\" sizes=\"auto, (max-width: 767px) 89vw, (max-width: 1000px) 54vw, (max-width: 1071px) 543px, 580px\" \/><figcaption class=\"wp-element-caption\">Potager en \u00e9t\u00e9<\/figcaption><\/figure>\n\n\n\n<figure class=\"wp-block-image size-large\"><img loading=\"lazy\" decoding=\"async\" width=\"1024\" height=\"768\" data-id=\"342\" src=\"https:\/\/fermedechamorin.fr\/wp-content\/uploads\/2020\/01\/DSC06906-1024x768.jpg\" alt=\"\" class=\"wp-image-342\" srcset=\"https:\/\/fermedechamorin.fr\/wp-content\/uploads\/2020\/01\/DSC06906-1024x768.jpg 1024w, https:\/\/fermedechamorin.fr\/wp-content\/uploads\/2020\/01\/DSC06906-300x225.jpg 300w, https:\/\/fermedechamorin.fr\/wp-content\/uploads\/2020\/01\/DSC06906-768x576.jpg 768w, https:\/\/fermedechamorin.fr\/wp-content\/uploads\/2020\/01\/DSC06906.jpg 1280w\" sizes=\"auto, (max-width: 767px) 89vw, (max-width: 1000px) 54vw, (max-width: 1071px) 543px, 580px\" \/><\/figure>\n\n\n\n<figure class=\"wp-block-image size-large\"><img loading=\"lazy\" decoding=\"async\" width=\"960\" height=\"720\" data-id=\"382\" src=\"https:\/\/fermedechamorin.fr\/wp-content\/uploads\/2020\/01\/11811457_551691254978717_527439032394442255_n.jpg\" alt=\"\" class=\"wp-image-382\" srcset=\"https:\/\/fermedechamorin.fr\/wp-content\/uploads\/2020\/01\/11811457_551691254978717_527439032394442255_n.jpg 960w, https:\/\/fermedechamorin.fr\/wp-content\/uploads\/2020\/01\/11811457_551691254978717_527439032394442255_n-300x225.jpg 300w, https:\/\/fermedechamorin.fr\/wp-content\/uploads\/2020\/01\/11811457_551691254978717_527439032394442255_n-768x576.jpg 768w\" sizes=\"auto, (max-width: 767px) 89vw, (max-width: 1000px) 54vw, (max-width: 1071px) 543px, 580px\" \/><\/figure>\n<\/figure>\n\n\n\n<figure class=\"wp-block-gallery has-nested-images columns-default is-cropped wp-block-gallery-6 is-layout-flex wp-block-gallery-is-layout-flex\">\n<figure class=\"wp-block-image size-large\"><img loading=\"lazy\" decoding=\"async\" width=\"1024\" height=\"768\" data-id=\"284\" src=\"https:\/\/fermedechamorin.fr\/wp-content\/uploads\/2020\/01\/20170721_191233-1024x768.jpg\" alt=\"\" class=\"wp-image-284\" srcset=\"https:\/\/fermedechamorin.fr\/wp-content\/uploads\/2020\/01\/20170721_191233-1024x768.jpg 1024w, https:\/\/fermedechamorin.fr\/wp-content\/uploads\/2020\/01\/20170721_191233-300x225.jpg 300w, https:\/\/fermedechamorin.fr\/wp-content\/uploads\/2020\/01\/20170721_191233-768x576.jpg 768w, https:\/\/fermedechamorin.fr\/wp-content\/uploads\/2020\/01\/20170721_191233-1536x1152.jpg 1536w, https:\/\/fermedechamorin.fr\/wp-content\/uploads\/2020\/01\/20170721_191233-2048x1536.jpg 2048w\" sizes=\"auto, (max-width: 767px) 89vw, (max-width: 1000px) 54vw, (max-width: 1071px) 543px, 580px\" \/><\/figure>\n\n\n\n<figure class=\"wp-block-image size-large\"><img loading=\"lazy\" decoding=\"async\" width=\"768\" height=\"1024\" data-id=\"286\" src=\"https:\/\/fermedechamorin.fr\/wp-content\/uploads\/2020\/01\/20170721_102439-768x1024.jpg\" alt=\"\" class=\"wp-image-286\" srcset=\"https:\/\/fermedechamorin.fr\/wp-content\/uploads\/2020\/01\/20170721_102439-768x1024.jpg 768w, https:\/\/fermedechamorin.fr\/wp-content\/uploads\/2020\/01\/20170721_102439-225x300.jpg 225w, https:\/\/fermedechamorin.fr\/wp-content\/uploads\/2020\/01\/20170721_102439-1152x1536.jpg 1152w, https:\/\/fermedechamorin.fr\/wp-content\/uploads\/2020\/01\/20170721_102439-1536x2048.jpg 1536w, https:\/\/fermedechamorin.fr\/wp-content\/uploads\/2020\/01\/20170721_102439-scaled.jpg 1920w\" sizes=\"auto, (max-width: 767px) 89vw, (max-width: 1000px) 54vw, (max-width: 1071px) 543px, 580px\" \/><\/figure>\n\n\n\n<figure class=\"wp-block-image size-large\"><img loading=\"lazy\" decoding=\"async\" width=\"1024\" height=\"768\" data-id=\"285\" src=\"https:\/\/fermedechamorin.fr\/wp-content\/uploads\/2020\/01\/20170721_190949-1024x768.jpg\" alt=\"\" class=\"wp-image-285\" srcset=\"https:\/\/fermedechamorin.fr\/wp-content\/uploads\/2020\/01\/20170721_190949-1024x768.jpg 1024w, https:\/\/fermedechamorin.fr\/wp-content\/uploads\/2020\/01\/20170721_190949-300x225.jpg 300w, https:\/\/fermedechamorin.fr\/wp-content\/uploads\/2020\/01\/20170721_190949-768x576.jpg 768w, https:\/\/fermedechamorin.fr\/wp-content\/uploads\/2020\/01\/20170721_190949-1536x1152.jpg 1536w, https:\/\/fermedechamorin.fr\/wp-content\/uploads\/2020\/01\/20170721_190949-2048x1536.jpg 2048w\" sizes=\"auto, (max-width: 767px) 89vw, (max-width: 1000px) 54vw, (max-width: 1071px) 543px, 580px\" \/><\/figure>\n<\/figure>\n\n\n\n<figure class=\"wp-block-gallery aligncenter has-nested-images columns-default is-cropped wp-block-gallery-7 is-layout-flex wp-block-gallery-is-layout-flex\">\n<figure class=\"wp-block-image size-large\"><img loading=\"lazy\" decoding=\"async\" width=\"1000\" height=\"667\" data-id=\"442\" src=\"https:\/\/fermedechamorin.fr\/wp-content\/uploads\/2020\/01\/20190604_D71_4900_hirondelles_SC-Kopie.jpg\" alt=\"\" class=\"wp-image-442\" srcset=\"https:\/\/fermedechamorin.fr\/wp-content\/uploads\/2020\/01\/20190604_D71_4900_hirondelles_SC-Kopie.jpg 1000w, https:\/\/fermedechamorin.fr\/wp-content\/uploads\/2020\/01\/20190604_D71_4900_hirondelles_SC-Kopie-300x200.jpg 300w, https:\/\/fermedechamorin.fr\/wp-content\/uploads\/2020\/01\/20190604_D71_4900_hirondelles_SC-Kopie-768x512.jpg 768w\" sizes=\"auto, (max-width: 767px) 89vw, (max-width: 1000px) 54vw, (max-width: 1071px) 543px, 580px\" \/><\/figure>\n\n\n\n<figure class=\"wp-block-image size-large\"><img loading=\"lazy\" decoding=\"async\" width=\"1000\" height=\"667\" data-id=\"464\" src=\"https:\/\/fermedechamorin.fr\/wp-content\/uploads\/2020\/01\/20190619_P6190080_SC.jpg\" alt=\"\" class=\"wp-image-464\" srcset=\"https:\/\/fermedechamorin.fr\/wp-content\/uploads\/2020\/01\/20190619_P6190080_SC.jpg 1000w, https:\/\/fermedechamorin.fr\/wp-content\/uploads\/2020\/01\/20190619_P6190080_SC-300x200.jpg 300w, https:\/\/fermedechamorin.fr\/wp-content\/uploads\/2020\/01\/20190619_P6190080_SC-768x512.jpg 768w\" sizes=\"auto, (max-width: 767px) 89vw, (max-width: 1000px) 54vw, (max-width: 1071px) 543px, 580px\" \/><\/figure>\n<\/figure>\n\n\n\n<p><\/p>\n","protected":false},"excerpt":{"rendered":"<p>Ferme familiale depuis plusieurs g\u00e9n\u00e9rations. Notre ferme est situ\u00e9e en pleine nature en surplomb du village. Bien que retrait\u00e9s, nous gardons une petite activit\u00e9: basse cour avec poules et canards, lapins, beau jardin potager, arbres fruitiers (tilleuls, cerisiers, pruniers, noyers). En saison, vous pouvez vous r\u00e9galer avec les cerises, prunes, noix, tilleul, fruits et l\u00e9gumes &hellip; <\/p>\n<p class=\"link-more\"><a href=\"https:\/\/fermedechamorin.fr\/index.php\/notre-ferme\/\" class=\"more-link\">Continuer la lecture<span class=\"screen-reader-text\"> de &laquo;&nbsp;Notre ferme&nbsp;&raquo;<\/span><\/a><\/p>\n","protected":false},"author":1,"featured_media":227,"parent":0,"menu_order":0,"comment_status":"closed","ping_status":"closed","template":"","meta":{"_monsterinsights_skip_tracking":false,"_monsterinsights_sitenote_active":false,"_monsterinsights_sitenote_note":"","_monsterinsights_sitenote_category":0,"footnotes":""},"class_list":["post-18","page","type-page","status-publish","has-post-thumbnail","hentry"],"_links":{"self":[{"href":"https:\/\/fermedechamorin.fr\/index.php\/wp-json\/wp\/v2\/pages\/18","targetHints":{"allow":["GET"]}}],"collection":[{"href":"https:\/\/fermedechamorin.fr\/index.php\/wp-json\/wp\/v2\/pages"}],"about":[{"href":"https:\/\/fermedechamorin.fr\/index.php\/wp-json\/wp\/v2\/types\/page"}],"author":[{"embeddable":true,"href":"https:\/\/fermedechamorin.fr\/index.php\/wp-json\/wp\/v2\/users\/1"}],"replies":[{"embeddable":true,"href":"https:\/\/fermedechamorin.fr\/index.php\/wp-json\/wp\/v2\/comments?post=18"}],"version-history":[{"count":20,"href":"https:\/\/fermedechamorin.fr\/index.php\/wp-json\/wp\/v2\/pages\/18\/revisions"}],"predecessor-version":[{"id":646,"href":"https:\/\/fermedechamorin.fr\/index.php\/wp-json\/wp\/v2\/pages\/18\/revisions\/646"}],"wp:featuredmedia":[{"embeddable":true,"href":"https:\/\/fermedechamorin.fr\/index.php\/wp-json\/wp\/v2\/media\/227"}],"wp:attachment":[{"href":"https:\/\/fermedechamorin.fr\/index.php\/wp-json\/wp\/v2\/media?parent=18"}],"curies":[{"name":"wp","href":"https:\/\/api.w.org\/{rel}","templated":true}]}}