{"id":19,"date":"2020-01-03T15:59:33","date_gmt":"2020-01-03T14:59:33","guid":{"rendered":"http:\/\/fermedechamorin.fr\/?page_id=19"},"modified":"2025-04-15T22:55:43","modified_gmt":"2025-04-15T20:55:43","slug":"notre-gite","status":"publish","type":"page","link":"https:\/\/fermedechamorin.fr\/index.php\/notre-gite\/","title":{"rendered":"Notre g\u00eete"},"content":{"rendered":"\n<p class=\"has-drop-cap\"><strong>G\u00eete paysan <\/strong>pouvant accueillir toute l&rsquo;ann\u00e9e jusqu&rsquo;\u00e0<strong> 6 personnes<\/strong>. Il est situ\u00e9 sur la ferme, mitoyen \u00e0 notre habitation avec une entr\u00e9e et une terrasse ind\u00e9pendantes. Vous pourrez y b\u00e9n\u00e9ficier d&rsquo;un<strong> point de vue exceptionnel<\/strong>, ainsi que du <strong>calme<\/strong> et de la <strong>beaut\u00e9 de la nature<\/strong>. Il s&rsquo;agit d&rsquo;une habitation spacieuse et lumineuse, expos\u00e9e au <strong>sud<\/strong>, simple et confortable.<\/p>\n\n\n\n<div class=\"wp-block-group\"><div class=\"wp-block-group__inner-container is-layout-flow wp-block-group-is-layout-flow\">\n<figure class=\"wp-block-gallery has-nested-images columns-2 is-cropped wp-block-gallery-2 is-layout-flex wp-block-gallery-is-layout-flex\">\n<figure class=\"wp-block-image size-large\"><a href=\"https:\/\/fermedechamorin.fr\/wp-content\/uploads\/2020\/01\/L1040565.jpg\"><img loading=\"lazy\" decoding=\"async\" width=\"800\" height=\"533\" data-id=\"57\" src=\"https:\/\/fermedechamorin.fr\/wp-content\/uploads\/2020\/01\/L1040565.jpg\" alt=\"\" class=\"wp-image-57\" srcset=\"https:\/\/fermedechamorin.fr\/wp-content\/uploads\/2020\/01\/L1040565.jpg 800w, https:\/\/fermedechamorin.fr\/wp-content\/uploads\/2020\/01\/L1040565-300x200.jpg 300w, https:\/\/fermedechamorin.fr\/wp-content\/uploads\/2020\/01\/L1040565-768x512.jpg 768w\" sizes=\"auto, (max-width: 767px) 89vw, (max-width: 1000px) 54vw, (max-width: 1071px) 543px, 580px\" \/><\/a><figcaption class=\"wp-element-caption\">Terrasse plein sud, barbecue<\/figcaption><\/figure>\n\n\n\n<figure class=\"wp-block-image size-large\"><a href=\"https:\/\/fermedechamorin.fr\/wp-content\/uploads\/2020\/01\/DSC06623.jpg\"><img loading=\"lazy\" decoding=\"async\" width=\"1024\" height=\"768\" data-id=\"168\" src=\"https:\/\/fermedechamorin.fr\/wp-content\/uploads\/2020\/01\/DSC06623-1024x768.jpg\" alt=\"\" class=\"wp-image-168\" srcset=\"https:\/\/fermedechamorin.fr\/wp-content\/uploads\/2020\/01\/DSC06623-1024x768.jpg 1024w, https:\/\/fermedechamorin.fr\/wp-content\/uploads\/2020\/01\/DSC06623-300x225.jpg 300w, https:\/\/fermedechamorin.fr\/wp-content\/uploads\/2020\/01\/DSC06623-768x576.jpg 768w, https:\/\/fermedechamorin.fr\/wp-content\/uploads\/2020\/01\/DSC06623-1536x1152.jpg 1536w, https:\/\/fermedechamorin.fr\/wp-content\/uploads\/2020\/01\/DSC06623.jpg 2048w\" sizes=\"auto, (max-width: 767px) 89vw, (max-width: 1000px) 54vw, (max-width: 1071px) 543px, 580px\" \/><\/a><figcaption class=\"wp-element-caption\">Terrasse en hiver<\/figcaption><\/figure>\n\n\n\n<figure class=\"wp-block-image size-large\"><a href=\"https:\/\/fermedechamorin.fr\/wp-content\/uploads\/2020\/01\/L1040576.jpg\"><img loading=\"lazy\" decoding=\"async\" width=\"800\" height=\"533\" data-id=\"322\" src=\"https:\/\/fermedechamorin.fr\/wp-content\/uploads\/2020\/01\/L1040576.jpg\" alt=\"\" class=\"wp-image-322\" srcset=\"https:\/\/fermedechamorin.fr\/wp-content\/uploads\/2020\/01\/L1040576.jpg 800w, https:\/\/fermedechamorin.fr\/wp-content\/uploads\/2020\/01\/L1040576-300x200.jpg 300w, https:\/\/fermedechamorin.fr\/wp-content\/uploads\/2020\/01\/L1040576-768x512.jpg 768w\" sizes=\"auto, (max-width: 767px) 89vw, (max-width: 1000px) 54vw, (max-width: 1071px) 543px, 580px\" \/><\/a><figcaption class=\"wp-element-caption\">Pi\u00e8ce de vie<\/figcaption><\/figure>\n\n\n\n<figure class=\"wp-block-image size-large\"><a href=\"https:\/\/fermedechamorin.fr\/wp-content\/uploads\/2020\/01\/L1040590.jpg\"><img loading=\"lazy\" decoding=\"async\" width=\"800\" height=\"533\" data-id=\"327\" src=\"https:\/\/fermedechamorin.fr\/wp-content\/uploads\/2020\/01\/L1040590.jpg\" alt=\"\" class=\"wp-image-327\" srcset=\"https:\/\/fermedechamorin.fr\/wp-content\/uploads\/2020\/01\/L1040590.jpg 800w, https:\/\/fermedechamorin.fr\/wp-content\/uploads\/2020\/01\/L1040590-300x200.jpg 300w, https:\/\/fermedechamorin.fr\/wp-content\/uploads\/2020\/01\/L1040590-768x512.jpg 768w\" sizes=\"auto, (max-width: 767px) 89vw, (max-width: 1000px) 54vw, (max-width: 1071px) 543px, 580px\" \/><\/a><figcaption class=\"wp-element-caption\">Pi\u00e8ce de vie<\/figcaption><\/figure>\n\n\n\n<figure class=\"wp-block-image size-large\"><a href=\"https:\/\/fermedechamorin.fr\/wp-content\/uploads\/2020\/09\/20200630_090124-scaled.jpg\"><img loading=\"lazy\" decoding=\"async\" width=\"1024\" height=\"768\" data-id=\"540\" src=\"https:\/\/fermedechamorin.fr\/wp-content\/uploads\/2020\/09\/20200630_090124-1024x768.jpg\" alt=\"\" class=\"wp-image-540\" srcset=\"https:\/\/fermedechamorin.fr\/wp-content\/uploads\/2020\/09\/20200630_090124-1024x768.jpg 1024w, https:\/\/fermedechamorin.fr\/wp-content\/uploads\/2020\/09\/20200630_090124-300x225.jpg 300w, https:\/\/fermedechamorin.fr\/wp-content\/uploads\/2020\/09\/20200630_090124-768x576.jpg 768w, https:\/\/fermedechamorin.fr\/wp-content\/uploads\/2020\/09\/20200630_090124-1536x1152.jpg 1536w, https:\/\/fermedechamorin.fr\/wp-content\/uploads\/2020\/09\/20200630_090124-2048x1536.jpg 2048w\" sizes=\"auto, (max-width: 767px) 89vw, (max-width: 1000px) 54vw, (max-width: 1071px) 543px, 580px\" \/><\/a><figcaption class=\"wp-element-caption\">Chambre 1<\/figcaption><\/figure>\n\n\n\n<figure class=\"wp-block-image size-large\"><a href=\"https:\/\/fermedechamorin.fr\/wp-content\/uploads\/2020\/09\/20200630_090225-scaled.jpg\"><img loading=\"lazy\" decoding=\"async\" width=\"1024\" height=\"768\" data-id=\"541\" src=\"https:\/\/fermedechamorin.fr\/wp-content\/uploads\/2020\/09\/20200630_090225-1024x768.jpg\" alt=\"\" class=\"wp-image-541\" srcset=\"https:\/\/fermedechamorin.fr\/wp-content\/uploads\/2020\/09\/20200630_090225-1024x768.jpg 1024w, https:\/\/fermedechamorin.fr\/wp-content\/uploads\/2020\/09\/20200630_090225-300x225.jpg 300w, https:\/\/fermedechamorin.fr\/wp-content\/uploads\/2020\/09\/20200630_090225-768x576.jpg 768w, https:\/\/fermedechamorin.fr\/wp-content\/uploads\/2020\/09\/20200630_090225-1536x1152.jpg 1536w, https:\/\/fermedechamorin.fr\/wp-content\/uploads\/2020\/09\/20200630_090225-2048x1536.jpg 2048w\" sizes=\"auto, (max-width: 767px) 89vw, (max-width: 1000px) 54vw, (max-width: 1071px) 543px, 580px\" \/><\/a><figcaption class=\"wp-element-caption\">Chambre 1<\/figcaption><\/figure>\n\n\n\n<figure class=\"wp-block-image size-large\"><a href=\"https:\/\/fermedechamorin.fr\/wp-content\/uploads\/2020\/09\/20200630_090937-scaled.jpg\"><img loading=\"lazy\" decoding=\"async\" width=\"1024\" height=\"768\" data-id=\"542\" src=\"https:\/\/fermedechamorin.fr\/wp-content\/uploads\/2020\/09\/20200630_090937-1024x768.jpg\" alt=\"\" class=\"wp-image-542\" srcset=\"https:\/\/fermedechamorin.fr\/wp-content\/uploads\/2020\/09\/20200630_090937-1024x768.jpg 1024w, https:\/\/fermedechamorin.fr\/wp-content\/uploads\/2020\/09\/20200630_090937-300x225.jpg 300w, https:\/\/fermedechamorin.fr\/wp-content\/uploads\/2020\/09\/20200630_090937-768x576.jpg 768w, https:\/\/fermedechamorin.fr\/wp-content\/uploads\/2020\/09\/20200630_090937-1536x1152.jpg 1536w, https:\/\/fermedechamorin.fr\/wp-content\/uploads\/2020\/09\/20200630_090937-2048x1536.jpg 2048w\" sizes=\"auto, (max-width: 767px) 89vw, (max-width: 1000px) 54vw, (max-width: 1071px) 543px, 580px\" \/><\/a><figcaption class=\"wp-element-caption\">Chambre 2<\/figcaption><\/figure>\n\n\n\n<figure class=\"wp-block-image size-large\"><a href=\"https:\/\/fermedechamorin.fr\/wp-content\/uploads\/2020\/01\/L1040573.jpg\"><img loading=\"lazy\" decoding=\"async\" width=\"800\" height=\"533\" data-id=\"323\" src=\"https:\/\/fermedechamorin.fr\/wp-content\/uploads\/2020\/01\/L1040573.jpg\" alt=\"\" class=\"wp-image-323\" srcset=\"https:\/\/fermedechamorin.fr\/wp-content\/uploads\/2020\/01\/L1040573.jpg 800w, https:\/\/fermedechamorin.fr\/wp-content\/uploads\/2020\/01\/L1040573-300x200.jpg 300w, https:\/\/fermedechamorin.fr\/wp-content\/uploads\/2020\/01\/L1040573-768x512.jpg 768w\" sizes=\"auto, (max-width: 767px) 89vw, (max-width: 1000px) 54vw, (max-width: 1071px) 543px, 580px\" \/><\/a><figcaption class=\"wp-element-caption\">Cuisine<\/figcaption><\/figure>\n\n\n\n<figure class=\"wp-block-image size-large\"><a href=\"https:\/\/fermedechamorin.fr\/wp-content\/uploads\/2020\/01\/L1040570.jpg\"><img loading=\"lazy\" decoding=\"async\" width=\"592\" height=\"600\" data-id=\"324\" src=\"https:\/\/fermedechamorin.fr\/wp-content\/uploads\/2020\/01\/L1040570.jpg\" alt=\"\" class=\"wp-image-324\" srcset=\"https:\/\/fermedechamorin.fr\/wp-content\/uploads\/2020\/01\/L1040570.jpg 592w, https:\/\/fermedechamorin.fr\/wp-content\/uploads\/2020\/01\/L1040570-296x300.jpg 296w, https:\/\/fermedechamorin.fr\/wp-content\/uploads\/2020\/01\/L1040570-100x100.jpg 100w\" sizes=\"auto, (max-width: 592px) 100vw, 592px\" \/><\/a><figcaption class=\"wp-element-caption\">Salle de bain<\/figcaption><\/figure>\n\n\n\n<figure class=\"wp-block-image size-large\"><a href=\"https:\/\/fermedechamorin.fr\/wp-content\/uploads\/2020\/01\/20180530_P5300074_ferme-soir_SC11.jpg\"><img loading=\"lazy\" decoding=\"async\" width=\"900\" height=\"570\" data-id=\"466\" src=\"https:\/\/fermedechamorin.fr\/wp-content\/uploads\/2020\/01\/20180530_P5300074_ferme-soir_SC11.jpg\" alt=\"\" class=\"wp-image-466\" srcset=\"https:\/\/fermedechamorin.fr\/wp-content\/uploads\/2020\/01\/20180530_P5300074_ferme-soir_SC11.jpg 900w, https:\/\/fermedechamorin.fr\/wp-content\/uploads\/2020\/01\/20180530_P5300074_ferme-soir_SC11-300x190.jpg 300w, https:\/\/fermedechamorin.fr\/wp-content\/uploads\/2020\/01\/20180530_P5300074_ferme-soir_SC11-768x486.jpg 768w\" sizes=\"auto, (max-width: 767px) 89vw, (max-width: 1000px) 54vw, (max-width: 1071px) 543px, 580px\" \/><\/a><figcaption class=\"wp-element-caption\">Le g\u00eete au fond (volets rouges)<\/figcaption><\/figure>\n<\/figure>\n<\/div><\/div>\n\n\n\n<p>Notre g\u00eete est compos\u00e9 d&rsquo;une cuisine, d&rsquo;une salle de douche WC, d&rsquo;un cellier, d&rsquo;une <strong>pi\u00e8ce \u00e0 vivre<\/strong> (20 m\u00b2) avec un clic-clac 2 personnes avec deux grandes fen\u00eatres, d&rsquo;une entr\u00e9e spacieuse, d&rsquo;une <strong>grande chambre<\/strong> (20 m\u00b2) comprenant 1 lit 2 personnes (160&#215;200) et 3 lits 1 personne (dont 2 lits superpos\u00e9s) avec une grande fen\u00eatre au soleil levant et l&rsquo;autre au sud qui donne sur la terrasse, ainsi que d&rsquo;une <strong>autre grande chambre<\/strong> avec un lit 2 personnes (160&#215;200), avec une grande fen\u00eatre au soleil levant. Toute la literie est r\u00e9cente. La cuisine est enti\u00e8rement \u00e9quip\u00e9e (cuisini\u00e8re avec 4 gaz et four \u00e9lectrique de qualit\u00e9, cafeti\u00e8re, bouilloire, micro onde&#8230;). Vous disposez aussi d&rsquo;une machine \u00e0 laver le linge. Sur la terrasse couverte (expos\u00e9e au sud), il y a un <strong>salon de jardin<\/strong> ainsi qu&rsquo;un <strong>barbecue<\/strong>. Dans le jardinet devant le g\u00eete, vous trouverez des plantes aromatiques pour assaisonner vos plats. Vous b\u00e9n\u00e9ficiez aussi de l&rsquo;espace commun autour de la ferme, avec <strong>chaises longues<\/strong>, portique, cabane et bac \u00e0 sable pour les enfants.         <br><br>Le g\u00eete est chauff\u00e9 par chauffage central (compris dans le prix de la location), vous serez donc bien au chaud si vous venez en hiver! Eau chaude solaire.    <\/p>\n\n\n\n<p>Toutes commodit\u00e9s \u00e0 proximit\u00e9 : un<strong> supermarch\u00e9<\/strong> bien achaland\u00e9 au village: <a rel=\"noreferrer noopener\" aria-label=\" (s\u2019ouvre dans un nouvel onglet)\" href=\"https:\/\/www.facebook.com\/UexpressVerclause\/\" target=\"_blank\">U Express<\/a> (on peut s&rsquo;y rendre \u00e0 pieds) avec des prix tr\u00e8s corrects (distributeur de billets, distributeur de carburant 24h\/24, borne de recharge pour voiture \u00e9lectrique, point Poste), un <strong>magasin de producteurs<\/strong> \u00e0 R\u00e9muzat: <a rel=\"noreferrer noopener\" aria-label=\" (s\u2019ouvre dans un nouvel onglet)\" href=\"https:\/\/www.localderemuzat.com\/\" target=\"_blank\">Le local<\/a>, un <strong>magasin de producteurs<\/strong> \u00e0 Rosans: <a rel=\"noreferrer noopener\" href=\"https:\/\/rosanais.com\/nous-trouver\/les-paysans-du-coings\" target=\"_blank\">Les paysans du coing<\/a>, une merveilleuse <strong>boulangerie bio<\/strong> \u00e0 Cornillon: <a rel=\"noreferrer noopener\" aria-label=\" (s\u2019ouvre dans un nouvel onglet)\" href=\"https:\/\/www.dromeprovencale.fr\/commerce-service\/les-pains-de-polo\/\" target=\"_blank\">Les pains de Polo<\/a>, un <strong>boulanger itin\u00e9rant<\/strong> fait une halte devant le g\u00eete le mercredi en fin de matin\u00e9e toute l&rsquo;ann\u00e9e (clin d&rsquo;oeil au film <a rel=\"noreferrer noopener\" href=\"https:\/\/www.allocine.fr\/film\/fichefilm_gen_cfilm=111631.html\" target=\"_blank\">Le fils de l&rsquo;\u00e9picier<\/a> tourn\u00e9 dans la r\u00e9gion), march\u00e9s r\u00e9guliers \u00e0 proximit\u00e9.<br><strong>Restaurant<\/strong> au village <a rel=\"noreferrer noopener\" href=\"https:\/\/www.lescargot-rouge-restaurant-verclause.fr\/\" target=\"_blank\">L&rsquo;escargot Rouge<\/a> qui travaille avec des produits frais et locaux, ouvert toute l&rsquo;ann\u00e9e.<\/p>\n","protected":false},"excerpt":{"rendered":"<p>G\u00eete paysan pouvant accueillir toute l&rsquo;ann\u00e9e jusqu&rsquo;\u00e0 6 personnes. Il est situ\u00e9 sur la ferme, mitoyen \u00e0 notre habitation avec une entr\u00e9e et une terrasse ind\u00e9pendantes. Vous pourrez y b\u00e9n\u00e9ficier d&rsquo;un point de vue exceptionnel, ainsi que du calme et de la beaut\u00e9 de la nature. Il s&rsquo;agit d&rsquo;une habitation spacieuse et lumineuse, expos\u00e9e au &hellip; <\/p>\n<p class=\"link-more\"><a href=\"https:\/\/fermedechamorin.fr\/index.php\/notre-gite\/\" class=\"more-link\">Continuer la lecture<span class=\"screen-reader-text\"> de &laquo;&nbsp;Notre g\u00eete&nbsp;&raquo;<\/span><\/a><\/p>\n","protected":false},"author":1,"featured_media":253,"parent":0,"menu_order":0,"comment_status":"closed","ping_status":"closed","template":"","meta":{"_monsterinsights_skip_tracking":false,"_monsterinsights_sitenote_active":false,"_monsterinsights_sitenote_note":"","_monsterinsights_sitenote_category":0,"footnotes":""},"class_list":["post-19","page","type-page","status-publish","has-post-thumbnail","hentry"],"_links":{"self":[{"href":"https:\/\/fermedechamorin.fr\/index.php\/wp-json\/wp\/v2\/pages\/19","targetHints":{"allow":["GET"]}}],"collection":[{"href":"https:\/\/fermedechamorin.fr\/index.php\/wp-json\/wp\/v2\/pages"}],"about":[{"href":"https:\/\/fermedechamorin.fr\/index.php\/wp-json\/wp\/v2\/types\/page"}],"author":[{"embeddable":true,"href":"https:\/\/fermedechamorin.fr\/index.php\/wp-json\/wp\/v2\/users\/1"}],"replies":[{"embeddable":true,"href":"https:\/\/fermedechamorin.fr\/index.php\/wp-json\/wp\/v2\/comments?post=19"}],"version-history":[{"count":50,"href":"https:\/\/fermedechamorin.fr\/index.php\/wp-json\/wp\/v2\/pages\/19\/revisions"}],"predecessor-version":[{"id":651,"href":"https:\/\/fermedechamorin.fr\/index.php\/wp-json\/wp\/v2\/pages\/19\/revisions\/651"}],"wp:featuredmedia":[{"embeddable":true,"href":"https:\/\/fermedechamorin.fr\/index.php\/wp-json\/wp\/v2\/media\/253"}],"wp:attachment":[{"href":"https:\/\/fermedechamorin.fr\/index.php\/wp-json\/wp\/v2\/media?parent=19"}],"curies":[{"name":"wp","href":"https:\/\/api.w.org\/{rel}","templated":true}]}}