{"id":20,"date":"2020-01-03T15:59:33","date_gmt":"2020-01-03T14:59:33","guid":{"rendered":"http:\/\/fermedechamorin.fr\/?page_id=20"},"modified":"2026-03-05T20:01:35","modified_gmt":"2026-03-05T19:01:35","slug":"infos-reservation","status":"publish","type":"page","link":"https:\/\/fermedechamorin.fr\/index.php\/infos-reservation\/","title":{"rendered":"Tarifs \/ R\u00e9servation"},"content":{"rendered":"\n<h2 class=\"wp-block-heading\">Tarifs 2026<\/h2>\n\n\n\n<p>Notre g\u00eete peut accueillir jusqu&rsquo;\u00e0 6 personnes.<\/p>\n\n\n\n<table id=\"tablepress-2\" class=\"tablepress tablepress-id-2\">\n<tbody class=\"row-striping row-hover\">\n<tr class=\"row-1\">\n\t<td class=\"column-1\">Moyenne saison (du 25 avril au 19 juin et du 23 ao\u00fbt  au 1 novembre): 450\u20ac jusqu'\u00e0 4 personnes, 10\u20ac par personne suppl\u00e9mentaire.<\/td>\n<\/tr>\n<tr class=\"row-2\">\n\t<td class=\"column-1\">Haute saison (du 20 juin au 21 ao\u00fbt): 520\u20ac jusqu'\u00e0 4 personnes, 10\u20ac par personne suppl\u00e9mentaire.<\/td>\n<\/tr>\n<tr class=\"row-3\">\n\t<td class=\"column-1\">2 nuits: 180\u20ac jusqu'\u00e0 4 personnes, 30\u20ac par personne suppl\u00e9mentaire.<\/td>\n<\/tr>\n<tr class=\"row-4\">\n\t<td class=\"column-1\">3 nuits: 240\u20ac jusqu'\u00e0 4 personnes, 30\u20ac par personne suppl\u00e9mentaire.<\/td>\n<\/tr>\n<\/tbody>\n<\/table>\n<!-- #tablepress-2 from cache -->\n\n\n\n<p>Pour un s\u00e9jour d&rsquo;une dur\u00e9e diff\u00e9rente, nous contacter pour le tarif.<br><em>Toutes les charges sont comprises dans le prix de la location (notamment le chauffage en hiver). Une taxe de s\u00e9jour est pr\u00e9lev\u00e9e pour la communaut\u00e9 de communes (les mineurs sont exon\u00e9r\u00e9s).<\/em><br><strong>Ch\u00e8ques vacances<\/strong> <a rel=\"noreferrer noopener\" href=\"http:\/\/www.ancv.com\/\" target=\"_blank\">ANCV<\/a> accept\u00e9s (version papier).<\/p>\n\n\n\n<h2 class=\"wp-block-heading\">Contact<\/h2>\n\n\n\n<p class=\"has-text-align-left\">Claudine et Ren\u00e9 Cornillac<br><em>Ferme de Chamorin<br>26510 Verclause<\/em><br>T\u00e9l: 04 75 27 86 15<br>Portable Claudine: 06 89 33 94 45<br><a href=\"mailto:fermedechamorin@gmail.com\">fermedechamorin@gmail.com<\/a><\/p>\n\n\n\n<h2 class=\"wp-block-heading\">Disponibilit\u00e9s<\/h2>\n\n\n\n<p>Une case = une nuit\u00e9e. <br>Habituellement les locations \u00e0 la semaine se font du <strong>samedi 14h au samedi 10h<\/strong>.  Les jours d&rsquo;arriv\u00e9e\/d\u00e9part ainsi que les horaires peuvent \u00eatre plus flexibles, voir avec nous directement. <\/p>\n\n\n\n<iframe loading=\"lazy\" src=\"https:\/\/calendar.google.com\/calendar\/embed?height=400&#038;wkst=2&#038;bgcolor=%23ffffff&#038;ctz=Europe%2FParis&#038;showTitle=0&#038;showNav=1&#038;showPrint=0&#038;showTabs=0&#038;showCalendars=0&#038;showTz=0&#038;src=cWdwOGdrZWY3a2hsY29tbHYzcHBmYnR1djRAZ3JvdXAuY2FsZW5kYXIuZ29vZ2xlLmNvbQ&#038;color=%230B8043\" style=\"border:solid 1px #777\" width=\"800\" height=\"400\" frameborder=\"0\" scrolling=\"no\"><\/iframe>\n\n\n\n<p>Possibilit\u00e9 de <strong>soir\u00e9e \u00e9tape<\/strong> dans un autre logement au confort plus spartiate, pour les randonneurs, nous contacter.<br><br>Notre g\u00eete n&rsquo;est pas disponible aux dates de votre s\u00e9jour? Vous trouverez certainement votre bonheur dans une autre ferme <a rel=\"noreferrer noopener\" href=\"https:\/\/www.accueil-paysan.com\/fr\/\" target=\"_blank\">Accueil Paysan<\/a>.<\/p>\n\n\n\n<h2 class=\"wp-block-heading\">Comment venir ? <\/h2>\n\n\n<div id=\"wpgmza_map_1\" class=\"wpgmza_map wpgmza-auto-center\" style=\"display:block;width:100%;height:400px;overflow:hidden;position:relative;\" data-map-id=\"1\" data-maps-engine=\"open-layers\" data-build-engine=\"atlas-novus\" data-shortcode-attributes=\"{&quot;id&quot;:&quot;1&quot;,&quot;zoom&quot;:false,&quot;width&quot;:false,&quot;height&quot;:false,&quot;marker&quot;:false,&quot;classname&quot;:false}\" data-settings=\"{&quot;map_title&quot;:&quot;Venir \\u00e0 Chamorin&quot;,&quot;map_width&quot;:&quot;100&quot;,&quot;map_height&quot;:&quot;400&quot;,&quot;map_start_lat&quot;:&quot;44.37837210000001&quot;,&quot;map_start_lng&quot;:&quot;5.423046200000001&quot;,&quot;map_start_location&quot;:&quot;45.950464398418106,-109.81550500000003&quot;,&quot;map_start_zoom&quot;:&quot;15&quot;,&quot;default_marker&quot;:&quot;&quot;,&quot;type&quot;:&quot;1&quot;,&quot;alignment&quot;:&quot;4&quot;,&quot;directions_enabled&quot;:&quot;0&quot;,&quot;styling_enabled&quot;:&quot;0&quot;,&quot;styling_json&quot;:&quot;&quot;,&quot;active&quot;:&quot;0&quot;,&quot;kml&quot;:&quot;&quot;,&quot;bicycle&quot;:&quot;0&quot;,&quot;traffic&quot;:&quot;0&quot;,&quot;dbox&quot;:&quot;0&quot;,&quot;dbox_width&quot;:&quot;&quot;,&quot;listmarkers&quot;:&quot;0&quot;,&quot;listmarkers_advanced&quot;:&quot;0&quot;,&quot;filterbycat&quot;:&quot;0&quot;,&quot;ugm_enabled&quot;:&quot;0&quot;,&quot;ugm_category_enabled&quot;:&quot;0&quot;,&quot;fusion&quot;:&quot;&quot;,&quot;map_width_type&quot;:&quot;%&quot;,&quot;map_height_type&quot;:&quot;px&quot;,&quot;mass_marker_support&quot;:&quot;0&quot;,&quot;ugm_access&quot;:&quot;0&quot;,&quot;order_markers_by&quot;:&quot;0&quot;,&quot;order_markers_choice&quot;:&quot;0&quot;,&quot;show_user_location&quot;:&quot;0&quot;,&quot;default_to&quot;:&quot;&quot;,&quot;map_type&quot;:1,&quot;sl_stroke_color&quot;:&quot;&quot;,&quot;sl_fill_color&quot;:&quot;&quot;,&quot;sl_stroke_opacity&quot;:&quot;&quot;,&quot;sl_fill_opacity&quot;:&quot;&quot;,&quot;transport_layer&quot;:false,&quot;action&quot;:&quot;wpgmza_save_map&quot;,&quot;redirect_to&quot;:&quot;\\\/wp-admin\\\/admin-post.php&quot;,&quot;map_id&quot;:&quot;1&quot;,&quot;wpgmza_savemap&quot;:&quot;Enregistrer la carte&quot;,&quot;http_referer&quot;:&quot;\\\/wp-admin\\\/admin.php?page=wp-google-maps-menu&amp;amp;action=edit&amp;amp;map_id=1&quot;,&quot;wpgmza_id&quot;:&quot;1&quot;,&quot;wpgmza_start_location&quot;:&quot;44.37837210000001,5.423046200000001&quot;,&quot;wpgmza_start_zoom&quot;:&quot;15&quot;,&quot;wpgmza_map_align&quot;:&quot;2&quot;,&quot;store_locator_enabled&quot;:false,&quot;store_locator_distance&quot;:false,&quot;store_locator_search_area&quot;:&quot;radial&quot;,&quot;wpgmza_store_locator_default_radius&quot;:&quot;10&quot;,&quot;store_locator_auto_area_max_zoom&quot;:&quot;&quot;,&quot;wpgmza_store_locator_radius_style&quot;:&quot;legacy&quot;,&quot;store_locator_component_anchor&quot;:&quot;0&quot;,&quot;wpgmza_store_locator_bounce&quot;:false,&quot;wpgmza_sl_animation&quot;:null,&quot;store_locator_query_string&quot;:&quot;&quot;,&quot;store_locator_location_placeholder&quot;:&quot;&quot;,&quot;store_locator_default_address&quot;:&quot;&quot;,&quot;store_locator_name_search&quot;:false,&quot;store_locator_name_string&quot;:&quot;&quot;,&quot;store_locator_not_found_message&quot;:&quot;&quot;,&quot;store_locator_show_distance&quot;:false,&quot;store_locator_category&quot;:false,&quot;wpgmza_store_locator_use_their_location&quot;:false,&quot;wpgmza_store_locator_hide_before_search&quot;:false,&quot;store_locator_nearby_searches&quot;:false,&quot;wpgmza_theme_data&quot;:&quot;&quot;,&quot;custom_tile_enabled&quot;:false,&quot;custom_tile_image&quot;:&quot;&quot;,&quot;custom_tile_image_width&quot;:&quot;&quot;,&quot;custom_tile_image_height&quot;:&quot;&quot;,&quot;custom_tile_image_attribution&quot;:&quot;&quot;,&quot;iw_primary_color&quot;:&quot;#000000&quot;,&quot;iw_accent_color&quot;:&quot;#000000&quot;,&quot;iw_text_color&quot;:&quot;#000000&quot;,&quot;close_infowindow_on_map_click&quot;:false,&quot;marker_share_links&quot;:false,&quot;wpgmza_listmarkers_by&quot;:&quot;0&quot;,&quot;marker_listing_component_anchor&quot;:null,&quot;marker_listing_component_auto_open&quot;:false,&quot;dataTable_pagination_style&quot;:null,&quot;category_filter_component_anchor&quot;:null,&quot;zoom_level_on_marker_listing_override&quot;:false,&quot;zoom_level_on_marker_listing_click&quot;:&quot;&quot;,&quot;marker_listing_disable_zoom&quot;:false,&quot;datatable_no_result_message&quot;:&quot;&quot;,&quot;remove_search_box_datables&quot;:false,&quot;datatable_search_string&quot;:&quot;&quot;,&quot;datatable_result_start&quot;:&quot;&quot;,&quot;datatable_result_of&quot;:&quot;&quot;,&quot;datatable_result_to&quot;:&quot;&quot;,&quot;datatable_result_total&quot;:&quot;&quot;,&quot;datatable_result_show&quot;:&quot;&quot;,&quot;datatable_result_entries&quot;:&quot;&quot;,&quot;category_legends_enabled&quot;:false,&quot;category_legends_component_anchor&quot;:null,&quot;jump_to_nearest_marker_on_initialization&quot;:false,&quot;click_open_link&quot;:false,&quot;wpgmza_zoom_on_marker_click&quot;:false,&quot;wpgmza_zoom_on_marker_click_slider&quot;:&quot;&quot;,&quot;polygon_labels&quot;:false,&quot;disable_polygon_info_windows&quot;:false,&quot;fit_maps_bounds_to_markers&quot;:false,&quot;fit_maps_bounds_to_markers_after_filtering&quot;:false,&quot;automatically_pan_to_users_location&quot;:false,&quot;override_users_location_zoom_level&quot;:false,&quot;override_users_location_zoom_levels&quot;:&quot;&quot;,&quot;show_distance_from_location&quot;:false,&quot;map_starts_in_streetview&quot;:false,&quot;map_starts_in_streetview_location&quot;:&quot;&quot;,&quot;map_starts_in_streetview_heading&quot;:&quot;&quot;,&quot;map_starts_in_streetview_pitch&quot;:&quot;&quot;,&quot;map_max_zoom&quot;:&quot;21&quot;,&quot;map_min_zoom&quot;:&quot;0&quot;,&quot;hide_point_of_interest&quot;:false,&quot;disable_lightbox_images&quot;:false,&quot;use_Raw_Jpeg_Coordinates&quot;:false,&quot;enable_marker_ratings&quot;:false,&quot;only_load_markers_within_viewport&quot;:false,&quot;wpgmza_ol_tile_filter&quot;:&quot;none&quot;,&quot;id&quot;:1}\" ><\/div>\n\n\n\n<p><\/p>\n\n\n\n<p>Depuis<strong> la vall\u00e9e du Rh\u00f4ne<\/strong> : suivre la direction Gap jusqu&rsquo;\u00e0 Verclause (vous passerez par Nyons).<\/p>\n\n\n\n<p>Depuis <strong> Grenoble <\/strong> (2h environ): suivre la direction Sisteron jusqu&rsquo;\u00e0 Serres, puis prendre la direction Orange jusqu&rsquo;\u00e0 Verclause.    <br>     <br><strong>Dans Verclause<\/strong>, vous trouverez une pancarte \u00ab\u00a0G\u00eete de Chamorin\u00a0\u00bb, avec le logo Accueil Paysan. Notre ferme est la premi\u00e8re sur votre droite, environ 500 m apr\u00e8s avoir quitt\u00e9 la route principale. <\/p>\n\n\n\n<h2 class=\"wp-block-heading\">Renseignements pratiques<\/h2>\n\n\n\n<p>Dans le g\u00eete, vous trouverez oreillers\/couvertures\/couettes, les matelas sont prot\u00e9g\u00e9s par des molletons (al\u00e8ses \u00e0 la demande pour les petits lits). Toute la literie est r\u00e9cente. Pensez \u00e0 emmener vos draps, linge de toilette et de cuisine car ils ne sont pas fournis (possibilit\u00e9 de location, se renseigner pour les tarifs).  <br><br>Possibilit\u00e9 de pr\u00eat de mat\u00e9riel pour <strong>b\u00e9b\u00e9 et bambin<\/strong>: lit parapluie, chaise haute, rehausseur, petite baignoire (nous demander).<br><br><strong>M\u00e9nage<\/strong>: \u00e0 votre d\u00e9part, il vous sera demand\u00e9 de laisser le g\u00eete dans l&rsquo;\u00e9tat de propret\u00e9  o\u00f9 nous vous l&rsquo;aurons laiss\u00e9, il est aussi possible de b\u00e9n\u00e9ficier d&rsquo;une prestation m\u00e9nage en fin de s\u00e9jour (se renseigner pour les tarifs).         <br><br> Les <strong>animaux<\/strong> sont accept\u00e9s sous conditions, voir avec nous directement. <\/p>\n\n\n\n<h2 class=\"wp-block-heading\">Contenus et photos de notre site<\/h2>\n\n\n\n<p>La majorit\u00e9 des photos diffus\u00e9es sur notre site sont des photos que nous avons prises nous m\u00eames au cours de balades dans les environs. Certaines sont l\u2019\u0153uvre du photographe belge <a rel=\"noreferrer noopener\" aria-label=\" (s\u2019ouvre dans un nouvel onglet)\" href=\"http:\/\/danielpilette.art\/\" target=\"_blank\">Daniel Pilette<\/a> qui a pass\u00e9 quelques nuits chez nous. Certaines jolies photos d&rsquo;animaux et de plantes (poules sepia, hirondelle, brebis, vautours,&#8230;) sont celles d&rsquo;Herbert Mendel qui a beaucoup de patience et de talent, et s\u00e9journe r\u00e9guli\u00e8rement \u00e0 Chamorin. Merci beaucoup \u00e0 eux deux pour ces magnifiques photos!<br>Nous vous remercions de nous demander l&rsquo;autorisation si vous voulez r\u00e9utiliser les photos ou autres contenus de notre site.<\/p>\n","protected":false},"excerpt":{"rendered":"<p>Tarifs 2026 Notre g\u00eete peut accueillir jusqu&rsquo;\u00e0 6 personnes. Pour un s\u00e9jour d&rsquo;une dur\u00e9e diff\u00e9rente, nous contacter pour le tarif.Toutes les charges sont comprises dans le prix de la location (notamment le chauffage en hiver). Une taxe de s\u00e9jour est pr\u00e9lev\u00e9e pour la communaut\u00e9 de communes (les mineurs sont exon\u00e9r\u00e9s).Ch\u00e8ques vacances ANCV accept\u00e9s (version papier). &hellip; <\/p>\n<p class=\"link-more\"><a href=\"https:\/\/fermedechamorin.fr\/index.php\/infos-reservation\/\" class=\"more-link\">Continuer la lecture<span class=\"screen-reader-text\"> de &laquo;&nbsp;Tarifs \/ R\u00e9servation&nbsp;&raquo;<\/span><\/a><\/p>\n","protected":false},"author":1,"featured_media":291,"parent":0,"menu_order":0,"comment_status":"closed","ping_status":"closed","template":"","meta":{"_monsterinsights_skip_tracking":false,"_monsterinsights_sitenote_active":false,"_monsterinsights_sitenote_note":"","_monsterinsights_sitenote_category":0,"footnotes":""},"class_list":["post-20","page","type-page","status-publish","has-post-thumbnail","hentry"],"_links":{"self":[{"href":"https:\/\/fermedechamorin.fr\/index.php\/wp-json\/wp\/v2\/pages\/20","targetHints":{"allow":["GET"]}}],"collection":[{"href":"https:\/\/fermedechamorin.fr\/index.php\/wp-json\/wp\/v2\/pages"}],"about":[{"href":"https:\/\/fermedechamorin.fr\/index.php\/wp-json\/wp\/v2\/types\/page"}],"author":[{"embeddable":true,"href":"https:\/\/fermedechamorin.fr\/index.php\/wp-json\/wp\/v2\/users\/1"}],"replies":[{"embeddable":true,"href":"https:\/\/fermedechamorin.fr\/index.php\/wp-json\/wp\/v2\/comments?post=20"}],"version-history":[{"count":41,"href":"https:\/\/fermedechamorin.fr\/index.php\/wp-json\/wp\/v2\/pages\/20\/revisions"}],"predecessor-version":[{"id":663,"href":"https:\/\/fermedechamorin.fr\/index.php\/wp-json\/wp\/v2\/pages\/20\/revisions\/663"}],"wp:featuredmedia":[{"embeddable":true,"href":"https:\/\/fermedechamorin.fr\/index.php\/wp-json\/wp\/v2\/media\/291"}],"wp:attachment":[{"href":"https:\/\/fermedechamorin.fr\/index.php\/wp-json\/wp\/v2\/media?parent=20"}],"curies":[{"name":"wp","href":"https:\/\/api.w.org\/{rel}","templated":true}]}}