{"id":23,"date":"2020-01-03T15:59:33","date_gmt":"2020-01-03T14:59:33","guid":{"rendered":"http:\/\/fermedechamorin.fr\/?page_id=23"},"modified":"2023-06-30T23:45:51","modified_gmt":"2023-06-30T21:45:51","slug":"accueil","status":"publish","type":"page","link":"https:\/\/fermedechamorin.fr\/","title":{"rendered":""},"content":{"rendered":"\n<div class=\"wp-block-columns is-layout-flex wp-container-core-columns-is-layout-9d6595d7 wp-block-columns-is-layout-flex\">\n<div class=\"wp-block-column is-layout-flow wp-block-column-is-layout-flow\" style=\"flex-basis:66.66%\">\n<h2 class=\"wp-block-heading\">Envie de vacances \u00e0 la ferme?<\/h2>\n\n\n\n<figure class=\"wp-block-gallery columns-3 is-cropped wp-block-gallery-2 is-layout-flex wp-block-gallery-is-layout-flex\"><ul class=\"blocks-gallery-grid\"><li class=\"blocks-gallery-item\"><figure><img loading=\"lazy\" decoding=\"async\" width=\"1024\" height=\"768\" src=\"https:\/\/fermedechamorin.fr\/wp-content\/uploads\/2020\/01\/DSC07070-1-1024x768.jpg\" alt=\"\" data-id=\"336\" data-full-url=\"https:\/\/fermedechamorin.fr\/wp-content\/uploads\/2020\/01\/DSC07070-1.jpg\" data-link=\"https:\/\/fermedechamorin.fr\/dsc07070-2\/\" class=\"wp-image-336\" srcset=\"https:\/\/fermedechamorin.fr\/wp-content\/uploads\/2020\/01\/DSC07070-1-1024x768.jpg 1024w, https:\/\/fermedechamorin.fr\/wp-content\/uploads\/2020\/01\/DSC07070-1-300x225.jpg 300w, https:\/\/fermedechamorin.fr\/wp-content\/uploads\/2020\/01\/DSC07070-1-768x576.jpg 768w, https:\/\/fermedechamorin.fr\/wp-content\/uploads\/2020\/01\/DSC07070-1-1536x1152.jpg 1536w, https:\/\/fermedechamorin.fr\/wp-content\/uploads\/2020\/01\/DSC07070-1-2048x1536.jpg 2048w\" sizes=\"auto, (max-width: 767px) 89vw, (max-width: 1000px) 54vw, (max-width: 1071px) 543px, 580px\" \/><\/figure><\/li><li class=\"blocks-gallery-item\"><figure><img loading=\"lazy\" decoding=\"async\" width=\"576\" height=\"1024\" src=\"https:\/\/fermedechamorin.fr\/wp-content\/uploads\/2020\/01\/IMG-20170606-WA0002-576x1024.jpg\" alt=\"\" data-id=\"93\" data-full-url=\"https:\/\/fermedechamorin.fr\/wp-content\/uploads\/2020\/01\/IMG-20170606-WA0002.jpg\" data-link=\"https:\/\/fermedechamorin.fr\/index.php\/accueil\/img-20170606-wa0002\/\" class=\"wp-image-93\" srcset=\"https:\/\/fermedechamorin.fr\/wp-content\/uploads\/2020\/01\/IMG-20170606-WA0002-576x1024.jpg 576w, https:\/\/fermedechamorin.fr\/wp-content\/uploads\/2020\/01\/IMG-20170606-WA0002-169x300.jpg 169w, https:\/\/fermedechamorin.fr\/wp-content\/uploads\/2020\/01\/IMG-20170606-WA0002-768x1365.jpg 768w, https:\/\/fermedechamorin.fr\/wp-content\/uploads\/2020\/01\/IMG-20170606-WA0002-864x1536.jpg 864w, https:\/\/fermedechamorin.fr\/wp-content\/uploads\/2020\/01\/IMG-20170606-WA0002.jpg 900w\" sizes=\"auto, (max-width: 576px) 100vw, 576px\" \/><\/figure><\/li><li class=\"blocks-gallery-item\"><figure><img loading=\"lazy\" decoding=\"async\" width=\"1024\" height=\"768\" src=\"https:\/\/fermedechamorin.fr\/wp-content\/uploads\/2020\/01\/IMG_7209-EFFECTS-1024x768.jpg\" alt=\"\" data-id=\"61\" data-full-url=\"https:\/\/fermedechamorin.fr\/wp-content\/uploads\/2020\/01\/IMG_7209-EFFECTS-scaled.jpg\" data-link=\"https:\/\/fermedechamorin.fr\/index.php\/votre-sejour\/img_7209-effects\/\" class=\"wp-image-61\" srcset=\"https:\/\/fermedechamorin.fr\/wp-content\/uploads\/2020\/01\/IMG_7209-EFFECTS-1024x768.jpg 1024w, https:\/\/fermedechamorin.fr\/wp-content\/uploads\/2020\/01\/IMG_7209-EFFECTS-300x225.jpg 300w, https:\/\/fermedechamorin.fr\/wp-content\/uploads\/2020\/01\/IMG_7209-EFFECTS-768x576.jpg 768w, https:\/\/fermedechamorin.fr\/wp-content\/uploads\/2020\/01\/IMG_7209-EFFECTS-1536x1152.jpg 1536w, https:\/\/fermedechamorin.fr\/wp-content\/uploads\/2020\/01\/IMG_7209-EFFECTS-2048x1536.jpg 2048w\" sizes=\"auto, (max-width: 767px) 89vw, (max-width: 1000px) 54vw, (max-width: 1071px) 543px, 580px\" \/><\/figure><\/li><li class=\"blocks-gallery-item\"><figure><img loading=\"lazy\" decoding=\"async\" width=\"1000\" height=\"667\" src=\"https:\/\/fermedechamorin.fr\/wp-content\/uploads\/2020\/01\/ME_SC_5236_hirondelle.jpg\" alt=\"\" data-id=\"227\" data-full-url=\"https:\/\/fermedechamorin.fr\/wp-content\/uploads\/2020\/01\/ME_SC_5236_hirondelle.jpg\" data-link=\"https:\/\/fermedechamorin.fr\/me_sc_5236_hirondelle\/\" class=\"wp-image-227\" srcset=\"https:\/\/fermedechamorin.fr\/wp-content\/uploads\/2020\/01\/ME_SC_5236_hirondelle.jpg 1000w, https:\/\/fermedechamorin.fr\/wp-content\/uploads\/2020\/01\/ME_SC_5236_hirondelle-300x200.jpg 300w, https:\/\/fermedechamorin.fr\/wp-content\/uploads\/2020\/01\/ME_SC_5236_hirondelle-768x512.jpg 768w\" sizes=\"auto, (max-width: 767px) 89vw, (max-width: 1000px) 54vw, (max-width: 1071px) 543px, 580px\" \/><\/figure><\/li><li class=\"blocks-gallery-item\"><figure><img loading=\"lazy\" decoding=\"async\" width=\"960\" height=\"720\" src=\"https:\/\/fermedechamorin.fr\/wp-content\/uploads\/2020\/01\/11811457_551691254978717_527439032394442255_n.jpg\" alt=\"\" data-id=\"382\" data-full-url=\"https:\/\/fermedechamorin.fr\/wp-content\/uploads\/2020\/01\/11811457_551691254978717_527439032394442255_n.jpg\" data-link=\"https:\/\/fermedechamorin.fr\/11811457_551691254978717_527439032394442255_n\/\" class=\"wp-image-382\" srcset=\"https:\/\/fermedechamorin.fr\/wp-content\/uploads\/2020\/01\/11811457_551691254978717_527439032394442255_n.jpg 960w, https:\/\/fermedechamorin.fr\/wp-content\/uploads\/2020\/01\/11811457_551691254978717_527439032394442255_n-300x225.jpg 300w, https:\/\/fermedechamorin.fr\/wp-content\/uploads\/2020\/01\/11811457_551691254978717_527439032394442255_n-768x576.jpg 768w\" sizes=\"auto, (max-width: 767px) 89vw, (max-width: 1000px) 54vw, (max-width: 1071px) 543px, 580px\" \/><\/figure><\/li><li class=\"blocks-gallery-item\"><figure><img loading=\"lazy\" decoding=\"async\" width=\"1000\" height=\"750\" src=\"https:\/\/fermedechamorin.fr\/wp-content\/uploads\/2020\/01\/ME_SC_6040064_Coq_et_Poule.jpg\" alt=\"\" data-id=\"210\" data-full-url=\"https:\/\/fermedechamorin.fr\/wp-content\/uploads\/2020\/01\/ME_SC_6040064_Coq_et_Poule.jpg\" data-link=\"https:\/\/fermedechamorin.fr\/olympus-digital-camera-2\/\" class=\"wp-image-210\" srcset=\"https:\/\/fermedechamorin.fr\/wp-content\/uploads\/2020\/01\/ME_SC_6040064_Coq_et_Poule.jpg 1000w, https:\/\/fermedechamorin.fr\/wp-content\/uploads\/2020\/01\/ME_SC_6040064_Coq_et_Poule-300x225.jpg 300w, https:\/\/fermedechamorin.fr\/wp-content\/uploads\/2020\/01\/ME_SC_6040064_Coq_et_Poule-768x576.jpg 768w\" sizes=\"auto, (max-width: 767px) 89vw, (max-width: 1000px) 54vw, (max-width: 1071px) 543px, 580px\" \/><\/figure><\/li><li class=\"blocks-gallery-item\"><figure><img loading=\"lazy\" decoding=\"async\" width=\"600\" height=\"400\" src=\"https:\/\/fermedechamorin.fr\/wp-content\/uploads\/2020\/01\/FB_IMG_1496999045285.jpg\" alt=\"\" data-id=\"8\" data-full-url=\"https:\/\/fermedechamorin.fr\/wp-content\/uploads\/2020\/01\/FB_IMG_1496999045285.jpg\" data-link=\"https:\/\/fermedechamorin.fr\/index.php\/2020\/01\/03\/bonjour-tout-le-monde__trashed\/fb_img_1496999045285\/\" class=\"wp-image-8\" srcset=\"https:\/\/fermedechamorin.fr\/wp-content\/uploads\/2020\/01\/FB_IMG_1496999045285.jpg 600w, https:\/\/fermedechamorin.fr\/wp-content\/uploads\/2020\/01\/FB_IMG_1496999045285-300x200.jpg 300w\" sizes=\"auto, (max-width: 600px) 100vw, 600px\" \/><\/figure><\/li><\/ul><\/figure>\n\n\n\n<p class=\"has-drop-cap\">Venez profiter du calme et de la d\u00e9tente dans un cadre naturel magnifique, dans notre <strong>G\u00eete Paysan<\/strong> pour 4 \u00e0 6 personnes. Nous vous accueillons sur notre ferme \u00e0 <strong>Verclause<\/strong> en <strong><a rel=\"noreferrer noopener\" aria-label=\" (s\u2019ouvre dans un nouvel onglet)\" href=\"https:\/\/www.dromeprovencale.fr\/\" target=\"_blank\">Dr\u00f4me Proven\u00e7ale<\/a><\/strong>, au c\u0153ur du Parc Naturel R\u00e9gional des <strong><a href=\"https:\/\/www.baronnies-provencales.fr\/\" target=\"_blank\" rel=\"noreferrer noopener\">Baronnies Proven\u00e7ales<\/a><\/strong>, au croisement des influences alpines et proven\u00e7ales. Nous vous invitons \u00e0 partager des instants de la vie de la ferme, dans un respect mutuel, dans un soucis d\u2019\u00e9change et d\u2019enrichissement r\u00e9ciproque.<\/p>\n<\/div>\n\n\n\n<div class=\"wp-block-column is-layout-flow wp-block-column-is-layout-flow\" style=\"flex-basis:33.33%\">\n<figure class=\"wp-block-gallery columns-1 is-cropped wp-block-gallery-3 is-layout-flex wp-block-gallery-is-layout-flex\"><ul class=\"blocks-gallery-grid\"><li class=\"blocks-gallery-item\"><figure><img loading=\"lazy\" decoding=\"async\" width=\"1024\" height=\"671\" src=\"https:\/\/fermedechamorin.fr\/wp-content\/uploads\/2021\/04\/claudine-et-ren\u00e92-1024x671.jpeg\" alt=\"\" data-id=\"558\" data-full-url=\"https:\/\/fermedechamorin.fr\/wp-content\/uploads\/2021\/04\/claudine-et-ren\u00e92.jpeg\" data-link=\"https:\/\/fermedechamorin.fr\/index.php\/accueil\/claudine-et-rene2\/\" class=\"wp-image-558\" srcset=\"https:\/\/fermedechamorin.fr\/wp-content\/uploads\/2021\/04\/claudine-et-ren\u00e92-1024x671.jpeg 1024w, https:\/\/fermedechamorin.fr\/wp-content\/uploads\/2021\/04\/claudine-et-ren\u00e92-300x196.jpeg 300w, https:\/\/fermedechamorin.fr\/wp-content\/uploads\/2021\/04\/claudine-et-ren\u00e92-768x503.jpeg 768w, https:\/\/fermedechamorin.fr\/wp-content\/uploads\/2021\/04\/claudine-et-ren\u00e92.jpeg 1194w\" sizes=\"auto, (max-width: 767px) 89vw, (max-width: 1000px) 54vw, (max-width: 1071px) 543px, 580px\" \/><\/figure><\/li><\/ul><\/figure>\n\n\n\n<p class=\"has-text-align-center\">Claudine et Ren\u00e9 Cornillac<br>Ferme de Chamorin<br>26510 Verclause<br>04.75.27.86.15<br><a href=\"mailto:fermedechamorin@gmail.com\">fermedechamorin@gmail.com<\/a><\/p>\n\n\n\n<figure class=\"wp-block-image\"><a href=\"https:\/\/www.accueil-paysan.com\/fr\/\"><img loading=\"lazy\" decoding=\"async\" width=\"290\" height=\"75\" src=\"https:\/\/fermedechamorin.fr\/wp-content\/uploads\/2020\/01\/logo-accueil-paysan.png\" alt=\"\" class=\"wp-image-51\"\/><\/a><\/figure>\n\n\n\n<p>Nous adh\u00e9rons \u00e0 <a href=\"https:\/\/www.accueil-paysan.com\/fr\/\" target=\"_blank\" rel=\"noreferrer noopener\">Accueil Paysan<\/a>. En rejoignant cette association, nous<br>soutenons sa volont\u00e9 de promouvoir une agriculture paysanne avec ses accueils \u00e0 taille humaine.<\/p>\n\n\n\n<figure class=\"wp-block-image size-large\"><a href=\"https:\/\/www.facebook.com\/fermedechamorin\" target=\"_blank\" rel=\"noreferrer noopener\"><img loading=\"lazy\" decoding=\"async\" width=\"952\" height=\"626\" src=\"https:\/\/fermedechamorin.fr\/wp-content\/uploads\/2020\/01\/Capture-du-2020-01-14-19-15-24_logo.png\" alt=\"\" class=\"wp-image-486\" srcset=\"https:\/\/fermedechamorin.fr\/wp-content\/uploads\/2020\/01\/Capture-du-2020-01-14-19-15-24_logo.png 952w, https:\/\/fermedechamorin.fr\/wp-content\/uploads\/2020\/01\/Capture-du-2020-01-14-19-15-24_logo-300x197.png 300w, https:\/\/fermedechamorin.fr\/wp-content\/uploads\/2020\/01\/Capture-du-2020-01-14-19-15-24_logo-768x505.png 768w\" sizes=\"auto, (max-width: 767px) 89vw, (max-width: 1000px) 54vw, (max-width: 1071px) 543px, 580px\" \/><\/a><\/figure>\n\n\n\n<p>Suivez nos aventures sur notre <a rel=\"noreferrer noopener\" aria-label=\"page Facebook (s\u2019ouvre dans un nouvel onglet)\" href=\"https:\/\/www.facebook.com\/fermedechamorin\/\" target=\"_blank\">page Facebook<\/a>.<\/p>\n<\/div>\n<\/div>\n\n\n\n<figure class=\"wp-block-embed is-type-video is-provider-youtube wp-block-embed-youtube wp-embed-aspect-16-9 wp-has-aspect-ratio\"><div class=\"wp-block-embed__wrapper\">\n<iframe loading=\"lazy\" title=\"Baronnies proven\u00e7ales - Bande annonce\" width=\"525\" height=\"295\" src=\"https:\/\/www.youtube.com\/embed\/88zbh_IKbpE?feature=oembed\" frameborder=\"0\" allow=\"accelerometer; autoplay; clipboard-write; encrypted-media; gyroscope; picture-in-picture; web-share\" referrerpolicy=\"strict-origin-when-cross-origin\" allowfullscreen><\/iframe>\n<\/div><figcaption>Paysages des Baronnies proven\u00e7ales<\/figcaption><\/figure>\n","protected":false},"excerpt":{"rendered":"<p>Envie de vacances \u00e0 la ferme? Venez profiter du calme et de la d\u00e9tente dans un cadre naturel magnifique, dans notre G\u00eete Paysan pour 4 \u00e0 6 personnes. Nous vous accueillons sur notre ferme \u00e0 Verclause en Dr\u00f4me Proven\u00e7ale, au c\u0153ur du Parc Naturel R\u00e9gional des Baronnies Proven\u00e7ales, au croisement des influences alpines et proven\u00e7ales. &hellip; <\/p>\n<p class=\"link-more\"><a href=\"https:\/\/fermedechamorin.fr\/\" class=\"more-link\">Continuer la lecture<span class=\"screen-reader-text\"> de &laquo;&nbsp;&nbsp;&raquo;<\/span><\/a><\/p>\n","protected":false},"author":1,"featured_media":0,"parent":0,"menu_order":0,"comment_status":"closed","ping_status":"closed","template":"","meta":{"_monsterinsights_skip_tracking":false,"_monsterinsights_sitenote_active":false,"_monsterinsights_sitenote_note":"","_monsterinsights_sitenote_category":0,"footnotes":""},"class_list":["post-23","page","type-page","status-publish","hentry"],"_links":{"self":[{"href":"https:\/\/fermedechamorin.fr\/index.php\/wp-json\/wp\/v2\/pages\/23","targetHints":{"allow":["GET"]}}],"collection":[{"href":"https:\/\/fermedechamorin.fr\/index.php\/wp-json\/wp\/v2\/pages"}],"about":[{"href":"https:\/\/fermedechamorin.fr\/index.php\/wp-json\/wp\/v2\/types\/page"}],"author":[{"embeddable":true,"href":"https:\/\/fermedechamorin.fr\/index.php\/wp-json\/wp\/v2\/users\/1"}],"replies":[{"embeddable":true,"href":"https:\/\/fermedechamorin.fr\/index.php\/wp-json\/wp\/v2\/comments?post=23"}],"version-history":[{"count":23,"href":"https:\/\/fermedechamorin.fr\/index.php\/wp-json\/wp\/v2\/pages\/23\/revisions"}],"predecessor-version":[{"id":586,"href":"https:\/\/fermedechamorin.fr\/index.php\/wp-json\/wp\/v2\/pages\/23\/revisions\/586"}],"wp:attachment":[{"href":"https:\/\/fermedechamorin.fr\/index.php\/wp-json\/wp\/v2\/media?parent=23"}],"curies":[{"name":"wp","href":"https:\/\/api.w.org\/{rel}","templated":true}]}}